{"id":4826,"date":"2023-08-07T12:02:49","date_gmt":"2023-08-07T10:02:49","guid":{"rendered":"https:\/\/sistein.es\/solutions\/"},"modified":"2026-01-08T11:17:17","modified_gmt":"2026-01-08T10:17:17","slug":"solutions","status":"publish","type":"page","link":"https:\/\/sistein.es\/en\/solutions\/","title":{"rendered":"Solutions"},"content":{"rendered":"\t\t<div data-elementor-type=\"wp-page\" data-elementor-id=\"4826\" class=\"elementor elementor-4826 elementor-721\" data-elementor-post-type=\"page\">\n\t\t\t\t<main class=\"elementor-element elementor-element-62a7821 e-flex e-con-boxed e-con e-parent\" data-id=\"62a7821\" data-element_type=\"container\" data-e-type=\"container\" data-settings=\"{&quot;background_background&quot;:&quot;classic&quot;}\">\n\t\t\t\t\t<div class=\"e-con-inner\">\n\t\t\t\t<div class=\"elementor-element elementor-element-c464f39 elementor-widget elementor-widget-heading\" data-id=\"c464f39\" data-element_type=\"widget\" data-e-type=\"widget\" data-widget_type=\"heading.default\">\n\t\t\t\t<div class=\"elementor-widget-container\">\n\t\t\t\t\t<h1 class=\"elementor-heading-title elementor-size-default\">Industrial automation solutions<\/h1>\t\t\t\t<\/div>\n\t\t\t\t<\/div>\n\t\t<div class=\"elementor-element elementor-element-39b2d33 e-con-full e-flex e-con e-child\" data-id=\"39b2d33\" data-element_type=\"container\" data-e-type=\"container\">\n\t\t<div class=\"elementor-element elementor-element-5f9ff74 e-con-full e-flex e-con e-child\" data-id=\"5f9ff74\" data-element_type=\"container\" data-e-type=\"container\" data-settings=\"{&quot;background_background&quot;:&quot;classic&quot;}\">\n\t\t\t\t<div class=\"elementor-element elementor-element-b8e32fb elementor-widget elementor-widget-counter\" data-id=\"b8e32fb\" data-element_type=\"widget\" data-e-type=\"widget\" data-widget_type=\"counter.default\">\n\t\t\t\t<div class=\"elementor-widget-container\">\n\t\t\t\t\t\t\t<div class=\"elementor-counter\">\n\t\t\t<div class=\"elementor-counter-title\">Years<\/div>\t\t\t<div class=\"elementor-counter-number-wrapper\">\n\t\t\t\t<span class=\"elementor-counter-number-prefix\">+<\/span>\n\t\t\t\t<span class=\"elementor-counter-number\" data-duration=\"2000\" data-to-value=\"35\" data-from-value=\"0\" data-delimiter=\",\">0<\/span>\n\t\t\t\t<span class=\"elementor-counter-number-suffix\"><\/span>\n\t\t\t<\/div>\n\t\t<\/div>\n\t\t\t\t\t\t<\/div>\n\t\t\t\t<\/div>\n\t\t\t\t<\/div>\n\t\t\t\t<div class=\"elementor-element elementor-element-670e450 elementor-widget elementor-widget-heading\" data-id=\"670e450\" data-element_type=\"widget\" data-e-type=\"widget\" data-widget_type=\"heading.default\">\n\t\t\t\t<div class=\"elementor-widget-container\">\n\t\t\t\t\t<h2 class=\"elementor-heading-title elementor-size-default\">Experience<\/h2>\t\t\t\t<\/div>\n\t\t\t\t<\/div>\n\t\t\t\t<\/div>\n\t\t\t\t\t<\/div>\n\t\t\t\t<\/main>\n\t\t<div class=\"elementor-element elementor-element-26079ce e-flex e-con-boxed e-con e-parent\" data-id=\"26079ce\" data-element_type=\"container\" data-e-type=\"container\" data-settings=\"{&quot;background_background&quot;:&quot;classic&quot;}\">\n\t\t\t\t\t<div class=\"e-con-inner\">\n\t\t\t\t<div class=\"elementor-element elementor-element-4eaa5cb elementor-widget__width-initial elementor-widget elementor-widget-heading\" data-id=\"4eaa5cb\" data-element_type=\"widget\" data-e-type=\"widget\" data-widget_type=\"heading.default\">\n\t\t\t\t<div class=\"elementor-widget-container\">\n\t\t\t\t\t<h2 class=\"elementor-heading-title elementor-size-default\">We offer solutions for different types of production processes<\/h2>\t\t\t\t<\/div>\n\t\t\t\t<\/div>\n\t\t\t\t<div class=\"elementor-element elementor-element-f5a6433 elementor-widget__width-initial elementor-widget elementor-widget-text-editor\" data-id=\"f5a6433\" data-element_type=\"widget\" data-e-type=\"widget\" data-widget_type=\"text-editor.default\">\n\t\t\t\t<div class=\"elementor-widget-container\">\n\t\t\t\t\t\t\t\t\t<p>We provide <strong>value and innovation<\/strong> in the production process for electrical distribution and control and <strong>automation<\/strong> of machines and processes.<\/p>\t\t\t\t\t\t\t\t<\/div>\n\t\t\t\t<\/div>\n\t\t<div class=\"elementor-element elementor-element-454a35f e-con-full e-grid elementor-invisible e-con e-child\" data-id=\"454a35f\" data-element_type=\"container\" data-e-type=\"container\" data-settings=\"{&quot;background_background&quot;:&quot;classic&quot;,&quot;animation&quot;:&quot;fadeIn&quot;}\">\n\t\t<div class=\"elementor-element elementor-element-f22dc08 e-con-full e-flex e-con e-child\" data-id=\"f22dc08\" data-element_type=\"container\" data-e-type=\"container\">\n\t\t\t\t<div class=\"elementor-element elementor-element-fc75b29 elementor-widget elementor-widget-heading\" data-id=\"fc75b29\" data-element_type=\"widget\" data-e-type=\"widget\" data-widget_type=\"heading.default\">\n\t\t\t\t<div class=\"elementor-widget-container\">\n\t\t\t\t\t<h3 class=\"elementor-heading-title elementor-size-default\">SCADA<\/h3>\t\t\t\t<\/div>\n\t\t\t\t<\/div>\n\t\t\t\t<div class=\"elementor-element elementor-element-956e713 elementor-widget elementor-widget-text-editor\" data-id=\"956e713\" data-element_type=\"widget\" data-e-type=\"widget\" data-widget_type=\"text-editor.default\">\n\t\t\t\t<div class=\"elementor-widget-container\">\n\t\t\t\t\t\t\t\t\t<p>Every day, companies are moving towards enterprise 4.0. From Sistein we offer our experience in obtaining data directly from the production process and its subsequent scaling to E.R.P. management systems, so that the control of the production process is accurate and in real time, facts that allow our customers the best decision making.<\/p>\t\t\t\t\t\t\t\t<\/div>\n\t\t\t\t<\/div>\n\t\t\t\t<\/div>\n\t\t<div class=\"elementor-element elementor-element-c841a34 e-con-full e-flex e-con e-child\" data-id=\"c841a34\" data-element_type=\"container\" data-e-type=\"container\">\n\t\t\t\t<div class=\"elementor-element elementor-element-1913ac8 elementor-widget elementor-widget-image\" data-id=\"1913ac8\" data-element_type=\"widget\" data-e-type=\"widget\" data-widget_type=\"image.default\">\n\t\t\t\t<div class=\"elementor-widget-container\">\n\t\t\t\t\t\t\t\t\t\t\t\t\t\t\t<img fetchpriority=\"high\" decoding=\"async\" width=\"1125\" height=\"843\" src=\"https:\/\/sistein.es\/wp-content\/uploads\/2023\/08\/SCADA.jpeg\" class=\"attachment-full size-full wp-image-3550\" alt=\"\" srcset=\"https:\/\/sistein.es\/wp-content\/uploads\/2023\/08\/SCADA.jpeg 1125w, https:\/\/sistein.es\/wp-content\/uploads\/2023\/08\/SCADA-300x225.webp 300w, https:\/\/sistein.es\/wp-content\/uploads\/2023\/08\/SCADA-1024x767.webp 1024w, https:\/\/sistein.es\/wp-content\/uploads\/2023\/08\/SCADA-768x575.webp 768w\" sizes=\"(max-width: 1125px) 100vw, 1125px\" \/>\t\t\t\t\t\t\t\t\t\t\t\t\t\t\t<\/div>\n\t\t\t\t<\/div>\n\t\t\t\t<\/div>\n\t\t\t\t<\/div>\n\t\t<div class=\"elementor-element elementor-element-15eb0f8 e-con-full e-grid elementor-invisible e-con e-child\" data-id=\"15eb0f8\" data-element_type=\"container\" data-e-type=\"container\" data-settings=\"{&quot;background_background&quot;:&quot;classic&quot;,&quot;animation&quot;:&quot;fadeIn&quot;}\">\n\t\t<div class=\"elementor-element elementor-element-16fca23 e-con-full e-flex e-con e-child\" data-id=\"16fca23\" data-element_type=\"container\" data-e-type=\"container\">\n\t\t\t\t<div class=\"elementor-element elementor-element-8bd2db1 elementor-widget elementor-widget-heading\" data-id=\"8bd2db1\" data-element_type=\"widget\" data-e-type=\"widget\" data-widget_type=\"heading.default\">\n\t\t\t\t<div class=\"elementor-widget-container\">\n\t\t\t\t\t<h3 class=\"elementor-heading-title elementor-size-default\">Industrial communications.<\/h3>\t\t\t\t<\/div>\n\t\t\t\t<\/div>\n\t\t\t\t<div class=\"elementor-element elementor-element-deea388 elementor-widget elementor-widget-text-editor\" data-id=\"deea388\" data-element_type=\"widget\" data-e-type=\"widget\" data-widget_type=\"text-editor.default\">\n\t\t\t\t<div class=\"elementor-widget-container\">\n\t\t\t\t\t\t\t\t\t<p>Aportamos valor e innovaci\u00f3n en el proceso de producci\u00f3n para la distribuci\u00f3n el\u00e9ctrica y el control y automatizaci\u00f3n de m\u00e1quinas y procesos.<\/p>\t\t\t\t\t\t\t\t<\/div>\n\t\t\t\t<\/div>\n\t\t\t\t<\/div>\n\t\t<div class=\"elementor-element elementor-element-e28c796 e-con-full e-flex e-con e-child\" data-id=\"e28c796\" data-element_type=\"container\" data-e-type=\"container\">\n\t\t\t\t<div class=\"elementor-element elementor-element-943c175 elementor-widget elementor-widget-image\" data-id=\"943c175\" data-element_type=\"widget\" data-e-type=\"widget\" data-widget_type=\"image.default\">\n\t\t\t\t<div class=\"elementor-widget-container\">\n\t\t\t\t\t\t\t\t\t\t\t\t\t\t\t<img decoding=\"async\" width=\"800\" height=\"534\" src=\"https:\/\/sistein.es\/wp-content\/uploads\/2023\/08\/Comunicaciones-industriales-1024x683.webp\" class=\"attachment-large size-large wp-image-3548\" alt=\"\" srcset=\"https:\/\/sistein.es\/wp-content\/uploads\/2023\/08\/Comunicaciones-industriales-1024x683.webp 1024w, https:\/\/sistein.es\/wp-content\/uploads\/2023\/08\/Comunicaciones-industriales-300x200.webp 300w, https:\/\/sistein.es\/wp-content\/uploads\/2023\/08\/Comunicaciones-industriales-768x512.webp 768w, https:\/\/sistein.es\/wp-content\/uploads\/2023\/08\/Comunicaciones-industriales-1536x1024.webp 1536w, https:\/\/sistein.es\/wp-content\/uploads\/2023\/08\/Comunicaciones-industriales-2048x1365.webp 2048w\" sizes=\"(max-width: 800px) 100vw, 800px\" \/>\t\t\t\t\t\t\t\t\t\t\t\t\t\t\t<\/div>\n\t\t\t\t<\/div>\n\t\t\t\t<\/div>\n\t\t\t\t<\/div>\n\t\t<div class=\"elementor-element elementor-element-8d7bfff e-con-full e-grid elementor-invisible e-con e-child\" data-id=\"8d7bfff\" data-element_type=\"container\" data-e-type=\"container\" data-settings=\"{&quot;background_background&quot;:&quot;classic&quot;,&quot;animation&quot;:&quot;fadeIn&quot;}\">\n\t\t<div class=\"elementor-element elementor-element-0747303 e-con-full e-flex e-con e-child\" data-id=\"0747303\" data-element_type=\"container\" data-e-type=\"container\">\n\t\t\t\t<div class=\"elementor-element elementor-element-de617fc elementor-widget elementor-widget-heading\" data-id=\"de617fc\" data-element_type=\"widget\" data-e-type=\"widget\" data-widget_type=\"heading.default\">\n\t\t\t\t<div class=\"elementor-widget-container\">\n\t\t\t\t\t<h3 class=\"elementor-heading-title elementor-size-default\">Speed variation <\/h3>\t\t\t\t<\/div>\n\t\t\t\t<\/div>\n\t\t\t\t<div class=\"elementor-element elementor-element-13c7d86 elementor-widget elementor-widget-text-editor\" data-id=\"13c7d86\" data-element_type=\"widget\" data-e-type=\"widget\" data-widget_type=\"text-editor.default\">\n\t\t\t\t<div class=\"elementor-widget-container\">\n\t\t\t\t\t\t\t\t\t<p>Electronics has been put at the service of mechanics to assist it in the development of motion control applications. At Sistein we are leaders in the implementation of servo positioning applications.<\/p>\t\t\t\t\t\t\t\t<\/div>\n\t\t\t\t<\/div>\n\t\t\t\t<\/div>\n\t\t<div class=\"elementor-element elementor-element-7e872d6 e-con-full e-flex e-con e-child\" data-id=\"7e872d6\" data-element_type=\"container\" data-e-type=\"container\">\n\t\t\t\t<div class=\"elementor-element elementor-element-f648cb3 elementor-widget elementor-widget-image\" data-id=\"f648cb3\" data-element_type=\"widget\" data-e-type=\"widget\" data-widget_type=\"image.default\">\n\t\t\t\t<div class=\"elementor-widget-container\">\n\t\t\t\t\t\t\t\t\t\t\t\t\t\t\t<img decoding=\"async\" width=\"800\" height=\"530\" src=\"https:\/\/sistein.es\/wp-content\/uploads\/2023\/08\/motion-control-1-1024x678.webp\" class=\"attachment-large size-large wp-image-3582\" alt=\"\" srcset=\"https:\/\/sistein.es\/wp-content\/uploads\/2023\/08\/motion-control-1-1024x678.webp 1024w, https:\/\/sistein.es\/wp-content\/uploads\/2023\/08\/motion-control-1-300x199.webp 300w, https:\/\/sistein.es\/wp-content\/uploads\/2023\/08\/motion-control-1-768x509.webp 768w, https:\/\/sistein.es\/wp-content\/uploads\/2023\/08\/motion-control-1-1536x1017.webp 1536w, https:\/\/sistein.es\/wp-content\/uploads\/2023\/08\/motion-control-1.webp 2048w\" sizes=\"(max-width: 800px) 100vw, 800px\" \/>\t\t\t\t\t\t\t\t\t\t\t\t\t\t\t<\/div>\n\t\t\t\t<\/div>\n\t\t\t\t<\/div>\n\t\t\t\t<\/div>\n\t\t<div class=\"elementor-element elementor-element-309c9d7 e-con-full e-grid elementor-invisible e-con e-child\" data-id=\"309c9d7\" data-element_type=\"container\" data-e-type=\"container\" data-settings=\"{&quot;background_background&quot;:&quot;classic&quot;,&quot;animation&quot;:&quot;fadeIn&quot;}\">\n\t\t<div class=\"elementor-element elementor-element-6c2c595 e-con-full e-flex e-con e-child\" data-id=\"6c2c595\" data-element_type=\"container\" data-e-type=\"container\">\n\t\t\t\t<div class=\"elementor-element elementor-element-b80d2bc elementor-widget elementor-widget-heading\" data-id=\"b80d2bc\" data-element_type=\"widget\" data-e-type=\"widget\" data-widget_type=\"heading.default\">\n\t\t\t\t<div class=\"elementor-widget-container\">\n\t\t\t\t\t<h3 class=\"elementor-heading-title elementor-size-default\">Telecontrol<\/h3>\t\t\t\t<\/div>\n\t\t\t\t<\/div>\n\t\t\t\t<div class=\"elementor-element elementor-element-9428b88 elementor-widget elementor-widget-text-editor\" data-id=\"9428b88\" data-element_type=\"widget\" data-e-type=\"widget\" data-widget_type=\"text-editor.default\">\n\t\t\t\t<div class=\"elementor-widget-container\">\n\t\t\t\t\t\t\t\t\t<p>We offer integral telecontrol solutions, working both with traditional standards, radio frequency or GSM, as well as with other more current systems such as Wimax or GPRS.<\/p><p>The appearance of new communication systems based on IP technology such as Wimax radically changes the concept of telecontrol, introducing real time in remote controlled installations.<\/p>\t\t\t\t\t\t\t\t<\/div>\n\t\t\t\t<\/div>\n\t\t\t\t<\/div>\n\t\t<div class=\"elementor-element elementor-element-09dcec4 e-con-full e-flex e-con e-child\" data-id=\"09dcec4\" data-element_type=\"container\" data-e-type=\"container\">\n\t\t\t\t<div class=\"elementor-element elementor-element-b852024 elementor-widget elementor-widget-image\" data-id=\"b852024\" data-element_type=\"widget\" data-e-type=\"widget\" data-widget_type=\"image.default\">\n\t\t\t\t<div class=\"elementor-widget-container\">\n\t\t\t\t\t\t\t\t\t\t\t\t\t\t\t<img loading=\"lazy\" decoding=\"async\" width=\"800\" height=\"534\" src=\"https:\/\/sistein.es\/wp-content\/uploads\/2023\/08\/Telecontrol-1024x683.webp\" class=\"attachment-large size-large wp-image-3551\" alt=\"\" srcset=\"https:\/\/sistein.es\/wp-content\/uploads\/2023\/08\/Telecontrol-1024x683.webp 1024w, https:\/\/sistein.es\/wp-content\/uploads\/2023\/08\/Telecontrol-300x200.webp 300w, https:\/\/sistein.es\/wp-content\/uploads\/2023\/08\/Telecontrol-768x513.webp 768w, https:\/\/sistein.es\/wp-content\/uploads\/2023\/08\/Telecontrol-1536x1025.webp 1536w, https:\/\/sistein.es\/wp-content\/uploads\/2023\/08\/Telecontrol-2048x1367.webp 2048w\" sizes=\"(max-width: 800px) 100vw, 800px\" \/>\t\t\t\t\t\t\t\t\t\t\t\t\t\t\t<\/div>\n\t\t\t\t<\/div>\n\t\t\t\t<\/div>\n\t\t\t\t<\/div>\n\t\t\t\t\t<\/div>\n\t\t\t\t<\/div>\n\t\t<div class=\"elementor-element elementor-element-adf1418 e-flex e-con-boxed e-con e-parent\" data-id=\"adf1418\" data-element_type=\"container\" data-e-type=\"container\" data-settings=\"{&quot;background_background&quot;:&quot;classic&quot;}\">\n\t\t\t\t\t<div class=\"e-con-inner\">\n\t\t\t\t<div class=\"elementor-element elementor-element-a2b41d1 elementor-widget__width-initial elementor-widget elementor-widget-heading\" data-id=\"a2b41d1\" data-element_type=\"widget\" data-e-type=\"widget\" data-widget_type=\"heading.default\">\n\t\t\t\t<div class=\"elementor-widget-container\">\n\t\t\t\t\t<h2 class=\"elementor-heading-title elementor-size-default\">Contract our services<\/h2>\t\t\t\t<\/div>\n\t\t\t\t<\/div>\n\t\t\t\t<div class=\"elementor-element elementor-element-fe2163e elementor-widget-tablet__width-initial elementor-widget elementor-widget-text-editor\" data-id=\"fe2163e\" data-element_type=\"widget\" data-e-type=\"widget\" data-widget_type=\"text-editor.default\">\n\t\t\t\t<div class=\"elementor-widget-container\">\n\t\t\t\t\t\t\t\t\t<p>We work with companies in all sectors offering our clients real results and improvements in their production and improvements in their real production, contact us so we can help your company.<\/p>\t\t\t\t\t\t\t\t<\/div>\n\t\t\t\t<\/div>\n\t\t\t\t<div class=\"elementor-element elementor-element-bb6bcbc elementor-align-center elementor-widget elementor-widget-button\" data-id=\"bb6bcbc\" data-element_type=\"widget\" data-e-type=\"widget\" data-widget_type=\"button.default\">\n\t\t\t\t<div class=\"elementor-widget-container\">\n\t\t\t\t\t\t\t\t\t<div class=\"elementor-button-wrapper\">\n\t\t\t\t\t<a class=\"elementor-button elementor-button-link elementor-size-sm\" href=\"https:\/\/sistein.es\/en\/contact\/\">\n\t\t\t\t\t\t<span class=\"elementor-button-content-wrapper\">\n\t\t\t\t\t\t\t\t\t<span class=\"elementor-button-text\">Contact<\/span>\n\t\t\t\t\t<\/span>\n\t\t\t\t\t<\/a>\n\t\t\t\t<\/div>\n\t\t\t\t\t\t\t\t<\/div>\n\t\t\t\t<\/div>\n\t\t\t\t\t<\/div>\n\t\t\t\t<\/div>\n\t\t\t\t<\/div>\n\t\t","protected":false},"excerpt":{"rendered":"<p>Industrial automation solutions Years + 0 Experience We offer solutions for different types of production processes We provide value and innovation in the production process for electrical distribution and control and automation of machines and processes. SCADA Every day, companies are moving towards enterprise 4.0. From Sistein we offer our experience in obtaining data directly [&hellip;]<\/p>\n","protected":false},"author":2,"featured_media":5322,"parent":0,"menu_order":0,"comment_status":"closed","ping_status":"closed","template":"elementor_header_footer","meta":{"inline_featured_image":false,"footnotes":""},"class_list":["post-4826","page","type-page","status-publish","has-post-thumbnail","hentry"],"_links":{"self":[{"href":"https:\/\/sistein.es\/en\/wp-json\/wp\/v2\/pages\/4826","targetHints":{"allow":["GET"]}}],"collection":[{"href":"https:\/\/sistein.es\/en\/wp-json\/wp\/v2\/pages"}],"about":[{"href":"https:\/\/sistein.es\/en\/wp-json\/wp\/v2\/types\/page"}],"author":[{"embeddable":true,"href":"https:\/\/sistein.es\/en\/wp-json\/wp\/v2\/users\/2"}],"replies":[{"embeddable":true,"href":"https:\/\/sistein.es\/en\/wp-json\/wp\/v2\/comments?post=4826"}],"version-history":[{"count":3,"href":"https:\/\/sistein.es\/en\/wp-json\/wp\/v2\/pages\/4826\/revisions"}],"predecessor-version":[{"id":5327,"href":"https:\/\/sistein.es\/en\/wp-json\/wp\/v2\/pages\/4826\/revisions\/5327"}],"wp:featuredmedia":[{"embeddable":true,"href":"https:\/\/sistein.es\/en\/wp-json\/wp\/v2\/media\/5322"}],"wp:attachment":[{"href":"https:\/\/sistein.es\/en\/wp-json\/wp\/v2\/media?parent=4826"}],"curies":[{"name":"wp","href":"https:\/\/api.w.org\/{rel}","templated":true}]}}